{"id":1176,"date":"2024-10-24T19:26:25","date_gmt":"2024-10-24T19:26:25","guid":{"rendered":"https:\/\/areiasdemilfontes.com\/?page_id=1176"},"modified":"2026-01-07T17:00:18","modified_gmt":"2026-01-07T17:00:18","slug":"precario","status":"publish","type":"page","link":"https:\/\/areiasdemilfontes.com\/en\/precario\/","title":{"rendered":"Pre\u00e7\u00e1rio"},"content":{"rendered":"<h2 class=\"wp-block-heading has-text-align-center has-large-font-size\" style=\"padding-top:0;padding-right:0;padding-bottom:0;padding-left:0;letter-spacing:6px\">PRICING<\/h2>\n\n\n\n<div class=\"wp-block-uagb-tabs uagb-block-8c9d278a uagb-tabs__wrap uagb-tabs__hstyle1-desktop uagb-tabs__vstyle6-tablet uagb-tabs__stack1-mobile\" data-tab-active=\"0\"><ul class=\"uagb-tabs__panel uagb-tabs__align-center\" role=\"tablist\"><li class=\"uagb-tab uagb-tabs__active\" role=\"none\"><a href=\"#uagb-tabs__tab0\" class=\"uagb-tabs-list uagb-tabs__icon-position-left\" data-tab=\"0\" role=\"tab\"><div>Off-Season<br>4 Jan \u2013 31 Mar  e 15 Oct \u2013 27 Dec <\/div><\/a><\/li><li class=\"uagb-tab\" role=\"none\"><a href=\"#uagb-tabs__tab1\" class=\"uagb-tabs-list uagb-tabs__icon-position-left\" data-tab=\"1\" role=\"tab\"><div>Mid-Season<br>1 Apr \u2013 31 May  e 16 Sep \u2013 14 Oct<\/div><\/a><\/li><li class=\"uagb-tab\" role=\"none\"><a href=\"#uagb-tabs__tab2\" class=\"uagb-tabs-list uagb-tabs__icon-position-left\" data-tab=\"2\" role=\"tab\"><div>Mid\/High - Season<br>1 Jun \u2013 30 Jun  e 1 Sep \u2013 15 Sep<\/div><\/a><\/li><li class=\"uagb-tab\" role=\"none\"><a href=\"#uagb-tabs__tab3\" class=\"uagb-tabs-list uagb-tabs__icon-position-left\" data-tab=\"3\" role=\"tab\"><div>High-Season<br>1 Jul \u2013 31 Jul  e 28 Dec \u2013 3 Jan<\/div><\/a><\/li><li class=\"uagb-tab\" role=\"none\"><a href=\"#uagb-tabs__tab4\" class=\"uagb-tabs-list uagb-tabs__icon-position-left\" data-tab=\"4\" role=\"tab\"><div>Very High-Season<br>1 Aug \u2013 31 Aug<\/div><\/a><\/li><\/ul><div class=\"uagb-tabs__body-wrap\">\n<div class=\"wp-block-uagb-tabs-child uagb-tabs__body-container uagb-inner-tab-0\" aria-labelledby=\"uagb-tabs__tab0\">\n<table id=\"tablepress-2\" class=\"tablepress tablepress-id-2 pricing-table\">\n<thead>\n<tr class=\"row-1\">\n\t<th class=\"column-1\">N\u00ba of People<\/th><th class=\"column-2\">By Night <\/th><th class=\"column-3\">By Week<\/th>\n<\/tr>\n<\/thead>\n<tbody class=\"row-striping row-hover\">\n<tr class=\"row-2\">\n\t<td class=\"column-1\">2<\/td><td class=\"column-2\">70\u20ac<\/td><td class=\"column-3\">300\u20ac<\/td>\n<\/tr>\n<tr class=\"row-3\">\n\t<td class=\"column-1\">3\/4<\/td><td class=\"column-2\">80\u20ac<\/td><td class=\"column-3\">350\u20ac<\/td>\n<\/tr>\n<tr class=\"row-4\">\n\t<td class=\"column-1\">4<\/td><td class=\"column-2\">100\u20ac<\/td><td class=\"column-3\">400\u20ac<\/td>\n<\/tr>\n<tr class=\"row-5\">\n\t<td class=\"column-1\">6<\/td><td class=\"column-2\">120\u20ac<\/td><td class=\"column-3\">500\u20ac<\/td>\n<\/tr>\n<\/tbody>\n<\/table>\n<!-- #tablepress-2 from cache --><\/div>\n\n\n\n<div class=\"wp-block-uagb-tabs-child uagb-tabs__body-container uagb-inner-tab-1\" aria-labelledby=\"uagb-tabs__tab1\">\n<table id=\"tablepress-3\" class=\"tablepress tablepress-id-3 pricing-table\">\n<thead>\n<tr class=\"row-1\">\n\t<th class=\"column-1\">N\u00ba of People<\/th><th class=\"column-2\">By Night<\/th><th class=\"column-3\">By Week<\/th>\n<\/tr>\n<\/thead>\n<tbody class=\"row-striping row-hover\">\n<tr class=\"row-2\">\n\t<td class=\"column-1\">2<\/td><td class=\"column-2\">85\u20ac<\/td><td class=\"column-3\">350\u20ac<\/td>\n<\/tr>\n<tr class=\"row-3\">\n\t<td class=\"column-1\">3\/4<\/td><td class=\"column-2\">95\u20ac<\/td><td class=\"column-3\">400\u20ac<\/td>\n<\/tr>\n<tr class=\"row-4\">\n\t<td class=\"column-1\">4<\/td><td class=\"column-2\">120\u20ac<\/td><td class=\"column-3\">500\u20ac<\/td>\n<\/tr>\n<tr class=\"row-5\">\n\t<td class=\"column-1\">6<\/td><td class=\"column-2\">135\u20ac<\/td><td class=\"column-3\">800\u20ac<\/td>\n<\/tr>\n<\/tbody>\n<\/table>\n<!-- #tablepress-3 from cache --><\/div>\n\n\n\n<div class=\"wp-block-uagb-tabs-child uagb-tabs__body-container uagb-inner-tab-2\" aria-labelledby=\"uagb-tabs__tab2\">\n<table id=\"tablepress-4\" class=\"tablepress tablepress-id-4 pricing-table\">\n<thead>\n<tr class=\"row-1\">\n\t<th class=\"column-1\">N\u00ba of People<\/th><th class=\"column-2\">By Night<\/th><th class=\"column-3\">By Week<\/th>\n<\/tr>\n<\/thead>\n<tbody class=\"row-striping row-hover\">\n<tr class=\"row-2\">\n\t<td class=\"column-1\">2 <\/td><td class=\"column-2\">120\u20ac<\/td><td class=\"column-3\">500\u20ac<\/td>\n<\/tr>\n<tr class=\"row-3\">\n\t<td class=\"column-1\">3\/4<\/td><td class=\"column-2\">120\u20ac<\/td><td class=\"column-3\">600\u20ac<\/td>\n<\/tr>\n<tr class=\"row-4\">\n\t<td class=\"column-1\">4<\/td><td class=\"column-2\">150\u20ac<\/td><td class=\"column-3\">800\u20ac<\/td>\n<\/tr>\n<tr class=\"row-5\">\n\t<td class=\"column-1\">6<\/td><td class=\"column-2\">150\u20ac<\/td><td class=\"column-3\">900\u20ac<\/td>\n<\/tr>\n<\/tbody>\n<\/table>\n<!-- #tablepress-4 from cache -->\n<\/div>\n\n\n\n<div class=\"wp-block-uagb-tabs-child uagb-tabs__body-container uagb-inner-tab-3\" aria-labelledby=\"uagb-tabs__tab3\">\n<table id=\"tablepress-1\" class=\"tablepress tablepress-id-1 pricing-table\">\n<thead>\n<tr class=\"row-1\">\n\t<th class=\"column-1\">N\u00ba of People<\/th><th class=\"column-2\">By Night<\/th><th class=\"column-3\">By Week<\/th>\n<\/tr>\n<\/thead>\n<tbody class=\"row-striping row-hover\">\n<tr class=\"row-2\">\n\t<td class=\"column-1\">2 <\/td><td class=\"column-2\">150\u20ac<\/td><td class=\"column-3\">800\u20ac<\/td>\n<\/tr>\n<tr class=\"row-3\">\n\t<td class=\"column-1\">3\/4<\/td><td class=\"column-2\">150\u20ac<\/td><td class=\"column-3\">800\u20ac<\/td>\n<\/tr>\n<tr class=\"row-4\">\n\t<td class=\"column-1\">4<\/td><td class=\"column-2\">200\u20ac<\/td><td class=\"column-3\">1300\u20ac<\/td>\n<\/tr>\n<tr class=\"row-5\">\n\t<td class=\"column-1\">6<\/td><td class=\"column-2\">200\u20ac<\/td><td class=\"column-3\">1300\u20ac<\/td>\n<\/tr>\n<\/tbody>\n<\/table>\n<!-- #tablepress-1 from cache --><\/div>\n\n\n\n<div class=\"wp-block-uagb-tabs-child uagb-tabs__body-container uagb-inner-tab-4\" aria-labelledby=\"uagb-tabs__tab4\">\n<table id=\"tablepress-5\" class=\"tablepress tablepress-id-5 pricing-table\">\n<thead>\n<tr class=\"row-1\">\n\t<th class=\"column-1\">N\u00ba of People<\/th><th class=\"column-2\">By Night<\/th><th class=\"column-3\">By Week<\/th>\n<\/tr>\n<\/thead>\n<tbody class=\"row-striping row-hover\">\n<tr class=\"row-2\">\n\t<td class=\"column-1\">2 <\/td><td class=\"column-2\">&#8211;<\/td><td class=\"column-3\">850\u20ac<\/td>\n<\/tr>\n<tr class=\"row-3\">\n\t<td class=\"column-1\">3\/4<\/td><td class=\"column-2\">&#8211;<\/td><td class=\"column-3\">850\u20ac<\/td>\n<\/tr>\n<tr class=\"row-4\">\n\t<td class=\"column-1\">4<\/td><td class=\"column-2\">&#8211;<\/td><td class=\"column-3\">1450\u20ac<\/td>\n<\/tr>\n<tr class=\"row-5\">\n\t<td class=\"column-1\">6<\/td><td class=\"column-2\">&#8211;<\/td><td class=\"column-3\">1450\u20ac<\/td>\n<\/tr>\n<\/tbody>\n<\/table>\n<!-- #tablepress-5 from cache --><\/div>\n<\/div><\/div>\n\n\n\n<p>Rental:<\/p>\n\n\n\n<ul class=\"wp-block-list\">\n<li>Apartments have a minimum stay of 2 nights;<\/li>\n\n\n\n<li>New Year's Eve with a minimum stay of 4 nights;<\/li>\n\n\n\n<li>Other holidays and long weekends, minimum stay of 3 nights;<\/li>\n\n\n\n<li>From May 15 to September 15, rentals are preferably weekly, with check-in on Saturdays<\/li>\n\n\n\n<li>It is not permitted to exceed the capacity contracted at the time of booking. If in doubt, please consult us.<\/li>\n<\/ul>\n\n\n\n<p>Free: Cleaning, including change of sheets once a week and towels twice a week, mountain bikes for men and women, firewood (subject to prior request) and possibility of shared garage.<\/p>\n\n\n\n<p>Holidays and Special Seasons During the low, medium, and high seasons, as well as on holidays and special seasons, the medium, medium-high, and high season prices apply, respectively.<\/p>\n\n\n\n<p>Check-in: Between 4:00 p.m. and 11:00 p.m., at the latest.<br>Check-out: By 10:00 a.m.<\/p>\n\n\n\n<p>Please note: These rates are valid for the current year and are subject to change without notice.<\/p>\n\n\n\n<p>Note 1: Pets are not allowed.<\/p>\n\n\n\n<p>Note 2: We have a complaints book.<\/p>","protected":false},"excerpt":{"rendered":"<p>PRE\u00c7\u00c1RIO Aluguer: Gr\u00e1tis: Limpeza, incluindo mudan\u00e7a de len\u00e7ois uma vez por semana e de atoalhados duas vezes por semana, Bicicletas BTT para Homens e Senhoras, lenha para lareira (sujeito a pedido pr\u00e9vio) e possibilidade de garagem partilhada. Feriados e \u00c9pocas Especiais Durante a \u00e9poca baixa, m\u00e9dia e nos Feriados e \u00c9pocas especiais, s\u00e3o aplicados os [&hellip;]<\/p>","protected":false},"author":1,"featured_media":0,"parent":0,"menu_order":0,"comment_status":"closed","ping_status":"closed","template":"","meta":{"_uag_custom_page_level_css":" table.tablepress.pricing-table {\n   border: none !important;\n   background: transparent !important;\n   box-shadow: none !important;\n }\n\/* limit the overall width and center it *\/\ntable.tablepress.pricing-table {\n  max-width: 600px;    \/* adjust as needed *\/\n  margin: 0 auto 2em;  \/* centers + adds bottom space *\/\n  width: 100%;\n  border-radius: 8px;\n  overflow: hidden;\n  box-shadow: 0 2px 8px rgba(0,0,0,0.05);\n}\n\n\/* beach-orange header row *\/\ntable.tablepress.pricing-table thead th {\n  background-color: #FFB74D !important;  \/* warm, sandy-orange *\/\n  color: #ffffff !important;             \/* white text for contrast *\/\n  padding: 12px 8px !important;\n  text-transform: uppercase;\n  font-weight: 600;\n  border-bottom: 2px solid #ddd;\n}\n\n\/* body cells *\/\ntable.tablepress.pricing-table tbody td {\n  padding: 10px 8px;\n  border-bottom: 1px solid #eee;\n  text-align: center;\n  vertical-align: middle;\n}\n\n\/* zebra striping *\/\ntable.tablepress.pricing-table tbody tr:nth-child(even) {\n  background-color: #fafafa;\n}\n\n\/* hover highlight *\/\ntable.tablepress.pricing-table tbody tr:hover {\n  background-color: #f0f8ff;\n}\n","site-sidebar-layout":"no-sidebar","site-content-layout":"","ast-site-content-layout":"normal-width-container","site-content-style":"boxed","site-sidebar-style":"default","ast-global-header-display":"","ast-banner-title-visibility":"","ast-main-header-display":"","ast-hfb-above-header-display":"","ast-hfb-below-header-display":"","ast-hfb-mobile-header-display":"","site-post-title":"disabled","ast-breadcrumbs-content":"","ast-featured-img":"","footer-sml-layout":"","theme-transparent-header-meta":"","adv-header-id-meta":"","stick-header-meta":"","header-above-stick-meta":"","header-main-stick-meta":"","header-below-stick-meta":"","astra-migrate-meta-layouts":"set","ast-page-background-enabled":"default","ast-page-background-meta":{"desktop":{"background-color":"var(--ast-global-color-4)","background-image":"","background-repeat":"repeat","background-position":"center center","background-size":"auto","background-attachment":"scroll","background-type":"","background-media":"","overlay-type":"","overlay-color":"","overlay-opacity":"","overlay-gradient":""},"tablet":{"background-color":"","background-image":"","background-repeat":"repeat","background-position":"center center","background-size":"auto","background-attachment":"scroll","background-type":"","background-media":"","overlay-type":"","overlay-color":"","overlay-opacity":"","overlay-gradient":""},"mobile":{"background-color":"","background-image":"","background-repeat":"repeat","background-position":"center center","background-size":"auto","background-attachment":"scroll","background-type":"","background-media":"","overlay-type":"","overlay-color":"","overlay-opacity":"","overlay-gradient":""}},"ast-content-background-meta":{"desktop":{"background-color":"var(--ast-global-color-5)","background-image":"","background-repeat":"repeat","background-position":"center center","background-size":"auto","background-attachment":"scroll","background-type":"","background-media":"","overlay-type":"","overlay-color":"","overlay-opacity":"","overlay-gradient":""},"tablet":{"background-color":"var(--ast-global-color-5)","background-image":"","background-repeat":"repeat","background-position":"center center","background-size":"auto","background-attachment":"scroll","background-type":"","background-media":"","overlay-type":"","overlay-color":"","overlay-opacity":"","overlay-gradient":""},"mobile":{"background-color":"var(--ast-global-color-5)","background-image":"","background-repeat":"repeat","background-position":"center center","background-size":"auto","background-attachment":"scroll","background-type":"","background-media":"","overlay-type":"","overlay-color":"","overlay-opacity":"","overlay-gradient":""}},"footnotes":""},"class_list":["post-1176","page","type-page","status-publish","hentry"],"yoast_head":"<!-- This site is optimized with the Yoast SEO plugin v24.9 - https:\/\/yoast.com\/wordpress\/plugins\/seo\/ -->\n<title>Pre\u00e7\u00e1rio - Areias de Milfontes Apartamentos<\/title>\n<meta name=\"robots\" content=\"index, follow, max-snippet:-1, max-image-preview:large, max-video-preview:-1\" \/>\n<link rel=\"canonical\" href=\"https:\/\/areiasdemilfontes.com\/en\/precario\/\" \/>\n<meta property=\"og:locale\" content=\"en_US\" \/>\n<meta property=\"og:type\" content=\"article\" \/>\n<meta property=\"og:title\" content=\"Pre\u00e7\u00e1rio - Areias de Milfontes Apartamentos\" \/>\n<meta property=\"og:description\" content=\"PRE\u00c7\u00c1RIO Aluguer: Gr\u00e1tis: Limpeza, incluindo mudan\u00e7a de len\u00e7ois uma vez por semana e de atoalhados duas vezes por semana, Bicicletas BTT para Homens e Senhoras, lenha para lareira (sujeito a pedido pr\u00e9vio) e possibilidade de garagem partilhada. Feriados e \u00c9pocas Especiais Durante a \u00e9poca baixa, m\u00e9dia e nos Feriados e \u00c9pocas especiais, s\u00e3o aplicados os [&hellip;]\" \/>\n<meta property=\"og:url\" content=\"https:\/\/areiasdemilfontes.com\/en\/precario\/\" \/>\n<meta property=\"og:site_name\" content=\"Areias de Milfontes Apartamentos\" \/>\n<meta property=\"article:publisher\" content=\"https:\/\/www.facebook.com\/areiasdemilfontes\/\" \/>\n<meta property=\"article:modified_time\" content=\"2026-01-07T17:00:18+00:00\" \/>\n<meta name=\"twitter:card\" content=\"summary_large_image\" \/>\n<meta name=\"twitter:label1\" content=\"Est. reading time\" \/>\n\t<meta name=\"twitter:data1\" content=\"2 minutes\" \/>\n<script type=\"application\/ld+json\" class=\"yoast-schema-graph\">{\"@context\":\"https:\/\/schema.org\",\"@graph\":[{\"@type\":\"WebPage\",\"@id\":\"https:\/\/areiasdemilfontes.com\/en\/precario\/\",\"url\":\"https:\/\/areiasdemilfontes.com\/en\/precario\/\",\"name\":\"Pre\u00e7\u00e1rio - Areias de Milfontes Apartamentos\",\"isPartOf\":{\"@id\":\"https:\/\/areiasdemilfontes.com\/en\/#website\"},\"datePublished\":\"2024-10-24T19:26:25+00:00\",\"dateModified\":\"2026-01-07T17:00:18+00:00\",\"breadcrumb\":{\"@id\":\"https:\/\/areiasdemilfontes.com\/en\/precario\/#breadcrumb\"},\"inLanguage\":\"en-US\",\"potentialAction\":[{\"@type\":\"ReadAction\",\"target\":[\"https:\/\/areiasdemilfontes.com\/en\/precario\/\"]}]},{\"@type\":\"BreadcrumbList\",\"@id\":\"https:\/\/areiasdemilfontes.com\/en\/precario\/#breadcrumb\",\"itemListElement\":[{\"@type\":\"ListItem\",\"position\":1,\"name\":\"In\u00edcio\",\"item\":\"https:\/\/areiasdemilfontes.com\/\"},{\"@type\":\"ListItem\",\"position\":2,\"name\":\"Pre\u00e7\u00e1rio\"}]},{\"@type\":\"WebSite\",\"@id\":\"https:\/\/areiasdemilfontes.com\/en\/#website\",\"url\":\"https:\/\/areiasdemilfontes.com\/en\/\",\"name\":\"Areias de Milfontes Apartamentos\",\"description\":\"\",\"publisher\":{\"@id\":\"https:\/\/areiasdemilfontes.com\/en\/#organization\"},\"potentialAction\":[{\"@type\":\"SearchAction\",\"target\":{\"@type\":\"EntryPoint\",\"urlTemplate\":\"https:\/\/areiasdemilfontes.com\/en\/?s={search_term_string}\"},\"query-input\":{\"@type\":\"PropertyValueSpecification\",\"valueRequired\":true,\"valueName\":\"search_term_string\"}}],\"inLanguage\":\"en-US\"},{\"@type\":\"Organization\",\"@id\":\"https:\/\/areiasdemilfontes.com\/en\/#organization\",\"name\":\"Areias de Milfontes Apartamentos\",\"url\":\"https:\/\/areiasdemilfontes.com\/en\/\",\"logo\":{\"@type\":\"ImageObject\",\"inLanguage\":\"en-US\",\"@id\":\"https:\/\/areiasdemilfontes.com\/en\/#\/schema\/logo\/image\/\",\"url\":\"https:\/\/areiasdemilfontes.com\/wp-content\/uploads\/2024\/09\/logo_areias.jpeg\",\"contentUrl\":\"https:\/\/areiasdemilfontes.com\/wp-content\/uploads\/2024\/09\/logo_areias.jpeg\",\"width\":267,\"height\":189,\"caption\":\"Areias de Milfontes Apartamentos\"},\"image\":{\"@id\":\"https:\/\/areiasdemilfontes.com\/en\/#\/schema\/logo\/image\/\"},\"sameAs\":[\"https:\/\/www.facebook.com\/areiasdemilfontes\/\"]}]}<\/script>\n<!-- \/ Yoast SEO plugin. -->","yoast_head_json":{"title":"Pre\u00e7\u00e1rio - Areias de Milfontes Apartamentos","robots":{"index":"index","follow":"follow","max-snippet":"max-snippet:-1","max-image-preview":"max-image-preview:large","max-video-preview":"max-video-preview:-1"},"canonical":"https:\/\/areiasdemilfontes.com\/en\/precario\/","og_locale":"en_US","og_type":"article","og_title":"Pre\u00e7\u00e1rio - Areias de Milfontes Apartamentos","og_description":"PRE\u00c7\u00c1RIO Aluguer: Gr\u00e1tis: Limpeza, incluindo mudan\u00e7a de len\u00e7ois uma vez por semana e de atoalhados duas vezes por semana, Bicicletas BTT para Homens e Senhoras, lenha para lareira (sujeito a pedido pr\u00e9vio) e possibilidade de garagem partilhada. Feriados e \u00c9pocas Especiais Durante a \u00e9poca baixa, m\u00e9dia e nos Feriados e \u00c9pocas especiais, s\u00e3o aplicados os [&hellip;]","og_url":"https:\/\/areiasdemilfontes.com\/en\/precario\/","og_site_name":"Areias de Milfontes Apartamentos","article_publisher":"https:\/\/www.facebook.com\/areiasdemilfontes\/","article_modified_time":"2026-01-07T17:00:18+00:00","twitter_card":"summary_large_image","twitter_misc":{"Est. reading time":"2 minutes"},"schema":{"@context":"https:\/\/schema.org","@graph":[{"@type":"WebPage","@id":"https:\/\/areiasdemilfontes.com\/en\/precario\/","url":"https:\/\/areiasdemilfontes.com\/en\/precario\/","name":"Pre\u00e7\u00e1rio - Areias de Milfontes Apartamentos","isPartOf":{"@id":"https:\/\/areiasdemilfontes.com\/en\/#website"},"datePublished":"2024-10-24T19:26:25+00:00","dateModified":"2026-01-07T17:00:18+00:00","breadcrumb":{"@id":"https:\/\/areiasdemilfontes.com\/en\/precario\/#breadcrumb"},"inLanguage":"en-US","potentialAction":[{"@type":"ReadAction","target":["https:\/\/areiasdemilfontes.com\/en\/precario\/"]}]},{"@type":"BreadcrumbList","@id":"https:\/\/areiasdemilfontes.com\/en\/precario\/#breadcrumb","itemListElement":[{"@type":"ListItem","position":1,"name":"In\u00edcio","item":"https:\/\/areiasdemilfontes.com\/"},{"@type":"ListItem","position":2,"name":"Pre\u00e7\u00e1rio"}]},{"@type":"WebSite","@id":"https:\/\/areiasdemilfontes.com\/en\/#website","url":"https:\/\/areiasdemilfontes.com\/en\/","name":"Areias de Milfontes Apartamentos","description":"","publisher":{"@id":"https:\/\/areiasdemilfontes.com\/en\/#organization"},"potentialAction":[{"@type":"SearchAction","target":{"@type":"EntryPoint","urlTemplate":"https:\/\/areiasdemilfontes.com\/en\/?s={search_term_string}"},"query-input":{"@type":"PropertyValueSpecification","valueRequired":true,"valueName":"search_term_string"}}],"inLanguage":"en-US"},{"@type":"Organization","@id":"https:\/\/areiasdemilfontes.com\/en\/#organization","name":"Areias de Milfontes Apartamentos","url":"https:\/\/areiasdemilfontes.com\/en\/","logo":{"@type":"ImageObject","inLanguage":"en-US","@id":"https:\/\/areiasdemilfontes.com\/en\/#\/schema\/logo\/image\/","url":"https:\/\/areiasdemilfontes.com\/wp-content\/uploads\/2024\/09\/logo_areias.jpeg","contentUrl":"https:\/\/areiasdemilfontes.com\/wp-content\/uploads\/2024\/09\/logo_areias.jpeg","width":267,"height":189,"caption":"Areias de Milfontes Apartamentos"},"image":{"@id":"https:\/\/areiasdemilfontes.com\/en\/#\/schema\/logo\/image\/"},"sameAs":["https:\/\/www.facebook.com\/areiasdemilfontes\/"]}]}},"uagb_featured_image_src":{"full":false,"thumbnail":false,"medium":false,"medium_large":false,"large":false,"1536x1536":false,"2048x2048":false,"trp-custom-language-flag":false},"uagb_author_info":{"display_name":"admin","author_link":"https:\/\/areiasdemilfontes.com\/en\/author\/admin_jilu0zn4\/"},"uagb_comment_info":0,"uagb_excerpt":"PRE\u00c7\u00c1RIO Aluguer: Gr\u00e1tis: Limpeza, incluindo mudan\u00e7a de len\u00e7ois uma vez por semana e de atoalhados duas vezes por semana, Bicicletas BTT para Homens e Senhoras, lenha para lareira (sujeito a pedido pr\u00e9vio) e possibilidade de garagem partilhada. Feriados e \u00c9pocas Especiais Durante a \u00e9poca baixa, m\u00e9dia e nos Feriados e \u00c9pocas especiais, s\u00e3o aplicados os&hellip;","_links":{"self":[{"href":"https:\/\/areiasdemilfontes.com\/en\/wp-json\/wp\/v2\/pages\/1176","targetHints":{"allow":["GET"]}}],"collection":[{"href":"https:\/\/areiasdemilfontes.com\/en\/wp-json\/wp\/v2\/pages"}],"about":[{"href":"https:\/\/areiasdemilfontes.com\/en\/wp-json\/wp\/v2\/types\/page"}],"author":[{"embeddable":true,"href":"https:\/\/areiasdemilfontes.com\/en\/wp-json\/wp\/v2\/users\/1"}],"replies":[{"embeddable":true,"href":"https:\/\/areiasdemilfontes.com\/en\/wp-json\/wp\/v2\/comments?post=1176"}],"version-history":[{"count":34,"href":"https:\/\/areiasdemilfontes.com\/en\/wp-json\/wp\/v2\/pages\/1176\/revisions"}],"predecessor-version":[{"id":2055,"href":"https:\/\/areiasdemilfontes.com\/en\/wp-json\/wp\/v2\/pages\/1176\/revisions\/2055"}],"wp:attachment":[{"href":"https:\/\/areiasdemilfontes.com\/en\/wp-json\/wp\/v2\/media?parent=1176"}],"curies":[{"name":"wp","href":"https:\/\/api.w.org\/{rel}","templated":true}]}}